{"id":25422,"date":"2021-11-08T00:10:04","date_gmt":"2021-11-07T22:10:04","guid":{"rendered":"https:\/\/greetings-online.com\/krasivye-i-originalnye\/"},"modified":"2021-12-24T15:57:08","modified_gmt":"2021-12-24T13:57:08","slug":"krasivye-i-originalnye","status":"publish","type":"page","link":"https:\/\/greetings-online.com\/no\/","title":{"rendered":"Gratulasjonskort, gratulerer med dagen, godt nytt\u00e5r og jul"},"content":{"rendered":"<p>Mange vakre og gratulasjonskort, gratulerer med dagen, godt nytt \u00e5r og jul, samt mange forskjellige kort til forskjellige anledninger. Du kan ogs\u00e5 lage et personlig postkort ved \u00e5 bruke v\u00e5r gratis kortprodusent. Alle vil gjerne motta et unikt gif-kort laget eksklusivt for mottakeren<\/p>\n","protected":false},"excerpt":{"rendered":"<p>Mange vakre og gratulasjonskort, gratulerer med dagen, godt nytt \u00e5r og jul, samt&#8230;<\/p>\n","protected":false},"author":1,"featured_media":0,"parent":0,"menu_order":0,"comment_status":"closed","ping_status":"closed","template":"","meta":[],"yst_prominent_words":[],"_links":{"self":[{"href":"https:\/\/greetings-online.com\/no\/wp-json\/wp\/v2\/pages\/25422"}],"collection":[{"href":"https:\/\/greetings-online.com\/no\/wp-json\/wp\/v2\/pages"}],"about":[{"href":"https:\/\/greetings-online.com\/no\/wp-json\/wp\/v2\/types\/page"}],"author":[{"embeddable":true,"href":"https:\/\/greetings-online.com\/no\/wp-json\/wp\/v2\/users\/1"}],"replies":[{"embeddable":true,"href":"https:\/\/greetings-online.com\/no\/wp-json\/wp\/v2\/comments?post=25422"}],"version-history":[{"count":3,"href":"https:\/\/greetings-online.com\/no\/wp-json\/wp\/v2\/pages\/25422\/revisions"}],"predecessor-version":[{"id":28291,"href":"https:\/\/greetings-online.com\/no\/wp-json\/wp\/v2\/pages\/25422\/revisions\/28291"}],"wp:attachment":[{"href":"https:\/\/greetings-online.com\/no\/wp-json\/wp\/v2\/media?parent=25422"}],"wp:term":[{"taxonomy":"yst_prominent_words","embeddable":true,"href":"https:\/\/greetings-online.com\/no\/wp-json\/wp\/v2\/yst_prominent_words?post=25422"}],"curies":[{"name":"wp","href":"https:\/\/api.w.org\/{rel}","templated":true}]}}